{"id":6387,"date":"2025-12-10T23:01:25","date_gmt":"2025-12-10T22:01:25","guid":{"rendered":"https:\/\/mecspe.com\/?page_id=6387"},"modified":"2026-01-30T16:06:27","modified_gmt":"2026-01-30T15:06:27","slug":"partnership","status":"publish","type":"page","link":"https:\/\/mecspe.com\/de\/partnership\/","title":{"rendered":"Partnership"},"content":{"rendered":"\n<p class=\"has-text-align-center has-medium-font-size\">Die MECSPE verf\u00fcgt \u00fcber ein Netzwerk aus lokalen, nationalen und internationalen Partnern sowie Schirmherrschaften, was das gro\u00dfe Interesse best\u00e4tigt, das die Fachmesse in Italien und \u00fcber die Landesgrenzen hinaus hervorruft.<\/p>\n\n\n\n<div style=\"height:100px\" aria-hidden=\"true\" class=\"wp-block-spacer\"><\/div>\n\n\n\n<p class=\"has-text-align-center has-medium-font-size\"><strong><em>Patrocini Istituzionali<\/em><\/strong><div class=\"vc_row wpb_row vc_inner vc_row-fluid vc_row-o-content-middle vc_row-flex\" style=\"box-sizing: border-box; margin-left: -15px; margin-right: -15px; display: flex; flex-wrap: wrap; color: rgb(26, 23, 27); font-family: &quot;Open Sans&quot;, sans-serif; font-size: 18px; text-align: start; white-space-collapse: collapse;\"><div class=\"wpb_column vc_column_container vc_col-sm-1\/5\" style=\"box-sizing: border-box; width: 222.927px; position: relative; min-height: 1px; padding-left: 0px; padding-right: 0px; float: left; display: flex; -webkit-box-align: center; align-items: center;\"><div class=\"vc_column-inner\" style=\"box-sizing: border-box; padding-left: 15px; padding-right: 15px; width: 222.927px; -webkit-box-flex: 1; flex-grow: 1; display: flex; -webkit-box-orient: vertical; -webkit-box-direction: normal; flex-direction: column; z-index: 1; -webkit-box-pack: center; justify-content: center;\"><div class=\"wpb_wrapper\" style=\"box-sizing: border-box;\"><\/div><\/div><\/div><\/div><\/p>\n\n\n<div class=\"wp-block-image\">\n<figure class=\"aligncenter size-large\"><img loading=\"lazy\" decoding=\"async\" width=\"1024\" height=\"83\" src=\"https:\/\/wordpress-mecspe2026.s3.eu-central-1.amazonaws.com\/2025\/12\/image-1024x83.png\" alt=\"\" class=\"wp-image-4547\" srcset=\"https:\/\/wordpress-mecspe2026.s3.eu-central-1.amazonaws.com\/2025\/12\/image-300x24.png 300w, https:\/\/wordpress-mecspe2026.s3.eu-central-1.amazonaws.com\/2025\/12\/image-1024x83.png 1024w, https:\/\/wordpress-mecspe2026.s3.eu-central-1.amazonaws.com\/2025\/12\/image-768x62.png 768w, https:\/\/wordpress-mecspe2026.s3.eu-central-1.amazonaws.com\/2025\/12\/image-1536x124.png 1536w, https:\/\/wordpress-mecspe2026.s3.eu-central-1.amazonaws.com\/2025\/12\/image.png 1604w\" sizes=\"(max-width: 1024px) 100vw, 1024px\" \/><\/figure><\/div>\n\n\n<div style=\"height:100px\" aria-hidden=\"true\" class=\"wp-block-spacer\"><\/div>\n\n\n\n<p class=\"has-text-align-center has-medium-font-size\"><em><strong>Internazional Partners<\/strong><\/em><\/p>\n\n\n<div class=\"wp-block-image\">\n<figure class=\"aligncenter size-large is-resized\"><img loading=\"lazy\" decoding=\"async\" width=\"1024\" height=\"76\" src=\"https:\/\/wordpress-mecspe2026.s3.eu-central-1.amazonaws.com\/2025\/12\/image-1-1024x76.png\" alt=\"\" class=\"wp-image-4557\" style=\"width:840px;height:auto\" srcset=\"https:\/\/wordpress-mecspe2026.s3.eu-central-1.amazonaws.com\/2025\/12\/image-1-300x22.png 300w, https:\/\/wordpress-mecspe2026.s3.eu-central-1.amazonaws.com\/2025\/12\/image-1-1024x76.png 1024w, https:\/\/wordpress-mecspe2026.s3.eu-central-1.amazonaws.com\/2025\/12\/image-1-768x57.png 768w, https:\/\/wordpress-mecspe2026.s3.eu-central-1.amazonaws.com\/2025\/12\/image-1-1536x113.png 1536w, https:\/\/wordpress-mecspe2026.s3.eu-central-1.amazonaws.com\/2025\/12\/image-1.png 1572w\" sizes=\"(max-width: 1024px) 100vw, 1024px\" \/><\/figure><\/div>\n\n\n<div style=\"height:100px\" aria-hidden=\"true\" class=\"wp-block-spacer\"><\/div>\n\n\n\n<p class=\"has-text-align-center has-medium-font-size\"><strong><em>Schirmherrschaften von Branchenverb\u00e4nden<\/em><\/strong><\/p>\n\n\n<div class=\"wp-block-image\">\n<figure class=\"aligncenter size-large\"><img loading=\"lazy\" decoding=\"async\" width=\"1024\" height=\"311\" src=\"https:\/\/wordpress-mecspe2026.s3.eu-central-1.amazonaws.com\/2025\/12\/image-3-1024x311.png\" alt=\"\" class=\"wp-image-4567\" srcset=\"https:\/\/wordpress-mecspe2026.s3.eu-central-1.amazonaws.com\/2025\/12\/image-3-300x91.png 300w, https:\/\/wordpress-mecspe2026.s3.eu-central-1.amazonaws.com\/2025\/12\/image-3-1024x311.png 1024w, https:\/\/wordpress-mecspe2026.s3.eu-central-1.amazonaws.com\/2025\/12\/image-3-768x233.png 768w, https:\/\/wordpress-mecspe2026.s3.eu-central-1.amazonaws.com\/2025\/12\/image-3-1536x466.png 1536w, https:\/\/wordpress-mecspe2026.s3.eu-central-1.amazonaws.com\/2025\/12\/image-3.png 1734w\" sizes=\"(max-width: 1024px) 100vw, 1024px\" \/><\/figure><\/div>\n\n\n<p class=\"has-text-align-center\"><\/p>\n\n\n\n<div style=\"height:100px\" aria-hidden=\"true\" class=\"wp-block-spacer\"><\/div>\n\n\n\n<p class=\"has-text-align-center has-medium-font-size\"><strong><em>Media Partner Internazionali<\/em><\/strong><div class=\"vc_row wpb_row vc_inner vc_row-fluid\" style=\"box-sizing: border-box; margin-left: -15px; margin-right: -15px; color: rgb(26, 23, 27); font-family: &quot;Open Sans&quot;, sans-serif; text-align: start; white-space-collapse: collapse;\"><\/div><\/p>\n\n\n<div class=\"wp-block-image\">\n<figure class=\"aligncenter size-full is-resized\"><img loading=\"lazy\" decoding=\"async\" width=\"750\" height=\"110\" src=\"https:\/\/wordpress-mecspe2026.s3.eu-central-1.amazonaws.com\/2026\/01\/Festener_Inndustrie_Plastics-Insights_Kunststoffe_loghi-1.png\" alt=\"\" class=\"wp-image-6404\" style=\"width:1004px;height:auto\" srcset=\"https:\/\/wordpress-mecspe2026.s3.eu-central-1.amazonaws.com\/2026\/01\/Festener_Inndustrie_Plastics-Insights_Kunststoffe_loghi-1-300x44.png 300w, https:\/\/wordpress-mecspe2026.s3.eu-central-1.amazonaws.com\/2026\/01\/Festener_Inndustrie_Plastics-Insights_Kunststoffe_loghi-1.png 750w\" sizes=\"(max-width: 750px) 100vw, 750px\" \/><\/figure><\/div>\n\n\n<div style=\"height:100px\" aria-hidden=\"true\" class=\"wp-block-spacer\"><\/div>\n\n\n\n<p class=\"has-text-align-center has-medium-font-size\"><em><strong>Media Partner<\/strong><\/em><\/p>\n\n\n\n<p class=\"has-text-align-center has-medium-font-size\"><\/p>\n\n\n<div class=\"wp-block-image\">\n<figure class=\"aligncenter size-large\"><img loading=\"lazy\" decoding=\"async\" width=\"1024\" height=\"333\" src=\"https:\/\/wordpress-mecspe2026.s3.eu-central-1.amazonaws.com\/2025\/12\/image-5-1024x333.png\" alt=\"\" class=\"wp-image-4576\" srcset=\"https:\/\/wordpress-mecspe2026.s3.eu-central-1.amazonaws.com\/2025\/12\/image-5-300x98.png 300w, https:\/\/wordpress-mecspe2026.s3.eu-central-1.amazonaws.com\/2025\/12\/image-5-1024x333.png 1024w, https:\/\/wordpress-mecspe2026.s3.eu-central-1.amazonaws.com\/2025\/12\/image-5-768x250.png 768w, https:\/\/wordpress-mecspe2026.s3.eu-central-1.amazonaws.com\/2025\/12\/image-5-1536x500.png 1536w, https:\/\/wordpress-mecspe2026.s3.eu-central-1.amazonaws.com\/2025\/12\/image-5.png 1686w\" sizes=\"(max-width: 1024px) 100vw, 1024px\" \/><\/figure><\/div>\n\n\n<p class=\"has-text-align-center has-medium-font-size\"><em><strong><br><\/strong><\/em><\/p>\n","protected":false},"excerpt":{"rendered":"<p>Die MECSPE verf\u00fcgt \u00fcber ein Netzwerk aus lokalen, nationalen und internationalen Partnern sowie Schirmherrschaften, was das gro\u00dfe Interesse best\u00e4tigt, das die Fachmesse in Italien und \u00fcber die Landesgrenzen hinaus hervorruft. Patrocini Istituzionali Internazional Partners Schirmherrschaften von Branchenverb\u00e4nden Media Partner Internazionali Media Partner<\/p>\n","protected":false},"author":4,"featured_media":0,"parent":0,"menu_order":0,"comment_status":"closed","ping_status":"closed","template":"","meta":{"_acf_changed":false,"footnotes":""},"class_list":["post-6387","page","type-page","status-publish","hentry"],"acf":[],"yoast_head":"<!-- This site is optimized with the Yoast SEO plugin v23.7 - https:\/\/yoast.com\/wordpress\/plugins\/seo\/ -->\n<title>Partnership - MECSPE<\/title>\n<meta name=\"robots\" content=\"index, follow, max-snippet:-1, max-image-preview:large, max-video-preview:-1\" \/>\n<link rel=\"canonical\" href=\"https:\/\/mecspe.com\/de\/partnership\/\" \/>\n<meta property=\"og:locale\" content=\"de_DE\" \/>\n<meta property=\"og:type\" content=\"article\" \/>\n<meta property=\"og:title\" content=\"Partnership - MECSPE\" \/>\n<meta property=\"og:description\" content=\"Die MECSPE verf\u00fcgt \u00fcber ein Netzwerk aus lokalen, nationalen und internationalen Partnern sowie Schirmherrschaften, was das gro\u00dfe Interesse best\u00e4tigt, das die Fachmesse in Italien und \u00fcber die Landesgrenzen hinaus hervorruft. Patrocini Istituzionali Internazional Partners Schirmherrschaften von Branchenverb\u00e4nden Media Partner Internazionali Media Partner\" \/>\n<meta property=\"og:url\" content=\"https:\/\/mecspe.com\/de\/partnership\/\" \/>\n<meta property=\"og:site_name\" content=\"MECSPE\" \/>\n<meta property=\"article:modified_time\" content=\"2026-01-30T15:06:27+00:00\" \/>\n<meta property=\"og:image\" content=\"https:\/\/wordpress-mecspe2026.s3.eu-central-1.amazonaws.com\/2025\/12\/image.png\" \/>\n\t<meta property=\"og:image:width\" content=\"1604\" \/>\n\t<meta property=\"og:image:height\" content=\"130\" \/>\n\t<meta property=\"og:image:type\" content=\"image\/png\" \/>\n<meta name=\"twitter:card\" content=\"summary_large_image\" \/>\n<meta name=\"twitter:label1\" content=\"Est. reading time\" \/>\n\t<meta name=\"twitter:data1\" content=\"2 minutes\" \/>\n<script type=\"application\/ld+json\" class=\"yoast-schema-graph\">{\"@context\":\"https:\/\/schema.org\",\"@graph\":[{\"@type\":\"WebPage\",\"@id\":\"https:\/\/mecspe.com\/de\/partnership\/\",\"url\":\"https:\/\/mecspe.com\/de\/partnership\/\",\"name\":\"Partnership - MECSPE\",\"isPartOf\":{\"@id\":\"https:\/\/mecspe.com\/#website\"},\"primaryImageOfPage\":{\"@id\":\"https:\/\/mecspe.com\/de\/partnership\/#primaryimage\"},\"image\":{\"@id\":\"https:\/\/mecspe.com\/de\/partnership\/#primaryimage\"},\"thumbnailUrl\":\"https:\/\/wordpress-mecspe2026.s3.eu-central-1.amazonaws.com\/2025\/12\/image-1024x83.png\",\"datePublished\":\"2025-12-10T22:01:25+00:00\",\"dateModified\":\"2026-01-30T15:06:27+00:00\",\"breadcrumb\":{\"@id\":\"https:\/\/mecspe.com\/de\/partnership\/#breadcrumb\"},\"inLanguage\":\"de-DE\",\"potentialAction\":[{\"@type\":\"ReadAction\",\"target\":[\"https:\/\/mecspe.com\/de\/partnership\/\"]}]},{\"@type\":\"ImageObject\",\"inLanguage\":\"de-DE\",\"@id\":\"https:\/\/mecspe.com\/de\/partnership\/#primaryimage\",\"url\":\"https:\/\/wordpress-mecspe2026.s3.eu-central-1.amazonaws.com\/2025\/12\/image-1024x83.png\",\"contentUrl\":\"https:\/\/wordpress-mecspe2026.s3.eu-central-1.amazonaws.com\/2025\/12\/image-1024x83.png\"},{\"@type\":\"BreadcrumbList\",\"@id\":\"https:\/\/mecspe.com\/de\/partnership\/#breadcrumb\",\"itemListElement\":[{\"@type\":\"ListItem\",\"position\":1,\"name\":\"Home\",\"item\":\"https:\/\/mecspe.com\/de\/\"},{\"@type\":\"ListItem\",\"position\":2,\"name\":\"Partnership\"}]},{\"@type\":\"WebSite\",\"@id\":\"https:\/\/mecspe.com\/#website\",\"url\":\"https:\/\/mecspe.com\/\",\"name\":\"MECSPE\",\"description\":\"La fiera internazionale di riferimento per l&#039;industria manifatturiera\",\"potentialAction\":[{\"@type\":\"SearchAction\",\"target\":{\"@type\":\"EntryPoint\",\"urlTemplate\":\"https:\/\/mecspe.com\/?s={search_term_string}\"},\"query-input\":{\"@type\":\"PropertyValueSpecification\",\"valueRequired\":true,\"valueName\":\"search_term_string\"}}],\"inLanguage\":\"de-DE\"}]}<\/script>\n<!-- \/ Yoast SEO plugin. -->","yoast_head_json":{"title":"Partnership - MECSPE","robots":{"index":"index","follow":"follow","max-snippet":"max-snippet:-1","max-image-preview":"max-image-preview:large","max-video-preview":"max-video-preview:-1"},"canonical":"https:\/\/mecspe.com\/de\/partnership\/","og_locale":"de_DE","og_type":"article","og_title":"Partnership - MECSPE","og_description":"Die MECSPE verf\u00fcgt \u00fcber ein Netzwerk aus lokalen, nationalen und internationalen Partnern sowie Schirmherrschaften, was das gro\u00dfe Interesse best\u00e4tigt, das die Fachmesse in Italien und \u00fcber die Landesgrenzen hinaus hervorruft. Patrocini Istituzionali Internazional Partners Schirmherrschaften von Branchenverb\u00e4nden Media Partner Internazionali Media Partner","og_url":"https:\/\/mecspe.com\/de\/partnership\/","og_site_name":"MECSPE","article_modified_time":"2026-01-30T15:06:27+00:00","og_image":[{"width":1604,"height":130,"url":"https:\/\/wordpress-mecspe2026.s3.eu-central-1.amazonaws.com\/2025\/12\/image.png","type":"image\/png"}],"twitter_card":"summary_large_image","twitter_misc":{"Est. reading time":"2 minutes"},"schema":{"@context":"https:\/\/schema.org","@graph":[{"@type":"WebPage","@id":"https:\/\/mecspe.com\/de\/partnership\/","url":"https:\/\/mecspe.com\/de\/partnership\/","name":"Partnership - MECSPE","isPartOf":{"@id":"https:\/\/mecspe.com\/#website"},"primaryImageOfPage":{"@id":"https:\/\/mecspe.com\/de\/partnership\/#primaryimage"},"image":{"@id":"https:\/\/mecspe.com\/de\/partnership\/#primaryimage"},"thumbnailUrl":"https:\/\/wordpress-mecspe2026.s3.eu-central-1.amazonaws.com\/2025\/12\/image-1024x83.png","datePublished":"2025-12-10T22:01:25+00:00","dateModified":"2026-01-30T15:06:27+00:00","breadcrumb":{"@id":"https:\/\/mecspe.com\/de\/partnership\/#breadcrumb"},"inLanguage":"de-DE","potentialAction":[{"@type":"ReadAction","target":["https:\/\/mecspe.com\/de\/partnership\/"]}]},{"@type":"ImageObject","inLanguage":"de-DE","@id":"https:\/\/mecspe.com\/de\/partnership\/#primaryimage","url":"https:\/\/wordpress-mecspe2026.s3.eu-central-1.amazonaws.com\/2025\/12\/image-1024x83.png","contentUrl":"https:\/\/wordpress-mecspe2026.s3.eu-central-1.amazonaws.com\/2025\/12\/image-1024x83.png"},{"@type":"BreadcrumbList","@id":"https:\/\/mecspe.com\/de\/partnership\/#breadcrumb","itemListElement":[{"@type":"ListItem","position":1,"name":"Home","item":"https:\/\/mecspe.com\/de\/"},{"@type":"ListItem","position":2,"name":"Partnership"}]},{"@type":"WebSite","@id":"https:\/\/mecspe.com\/#website","url":"https:\/\/mecspe.com\/","name":"MECSPE","description":"La fiera internazionale di riferimento per l&#039;industria manifatturiera","potentialAction":[{"@type":"SearchAction","target":{"@type":"EntryPoint","urlTemplate":"https:\/\/mecspe.com\/?s={search_term_string}"},"query-input":{"@type":"PropertyValueSpecification","valueRequired":true,"valueName":"search_term_string"}}],"inLanguage":"de-DE"}]}},"_links":{"self":[{"href":"https:\/\/mecspe.com\/de\/wp-json\/wp\/v2\/pages\/6387"}],"collection":[{"href":"https:\/\/mecspe.com\/de\/wp-json\/wp\/v2\/pages"}],"about":[{"href":"https:\/\/mecspe.com\/de\/wp-json\/wp\/v2\/types\/page"}],"author":[{"embeddable":true,"href":"https:\/\/mecspe.com\/de\/wp-json\/wp\/v2\/users\/4"}],"replies":[{"embeddable":true,"href":"https:\/\/mecspe.com\/de\/wp-json\/wp\/v2\/comments?post=6387"}],"version-history":[{"count":5,"href":"https:\/\/mecspe.com\/de\/wp-json\/wp\/v2\/pages\/6387\/revisions"}],"predecessor-version":[{"id":6412,"href":"https:\/\/mecspe.com\/de\/wp-json\/wp\/v2\/pages\/6387\/revisions\/6412"}],"wp:attachment":[{"href":"https:\/\/mecspe.com\/de\/wp-json\/wp\/v2\/media?parent=6387"}],"curies":[{"name":"wp","href":"https:\/\/api.w.org\/{rel}","templated":true}]}}